{"id":1439,"date":"2025-08-25T09:44:12","date_gmt":"2025-08-25T07:44:12","guid":{"rendered":"https:\/\/zwarteruiter.nl\/?page_id=1439"},"modified":"2025-09-01T14:29:15","modified_gmt":"2025-09-01T12:29:15","slug":"menukaart","status":"publish","type":"page","link":"https:\/\/zwarteruiter.nl\/en\/menukaart\/","title":{"rendered":"Menukaart"},"content":{"rendered":"<section class=\"l-section wpb_row us_custom_e4d4039e height_auto width_full\"><div class=\"l-section-overlay\" style=\"background:linear-gradient(0deg, #000000 12%,rgba(0,0,0,0) 100%)\"><\/div><div class=\"l-section-h i-cf\"><div class=\"g-cols vc_row via_grid cols_1 laptops-cols_inherit tablets-cols_inherit mobiles-cols_1 valign_bottom type_default stacking_default\"><div class=\"wpb_column vc_column_container\"><div class=\"vc_column-inner\"><div class=\"w-separator size_custom\" style=\"height:40vh\"><\/div><div class=\"g-cols wpb_row us_custom_881fa32e hide_on_mobiles via_grid cols_1 laptops-cols_inherit tablets-cols_inherit mobiles-cols_1 valign_bottom type_default stacking_default\" style=\"--columns-gap:0rem;\" id=\"menukaart\"><div class=\"wpb_column vc_column_container\"><div class=\"vc_column-inner\"><div class=\"w-separator size_custom\" style=\"height:35vh\"><\/div><\/div><\/div><\/div><div class=\"g-cols wpb_row us_custom_d1ec7527 hide_on_default hide_on_laptops hide_on_tablets via_grid cols_1 laptops-cols_inherit tablets-cols_inherit mobiles-cols_1 valign_bottom type_default stacking_default\" style=\"--columns-gap:0rem;\" id=\"mob\"><div class=\"wpb_column vc_column_container\"><div class=\"vc_column-inner\"><div class=\"w-separator size_custom\" style=\"height:60vh\"><\/div><\/div><\/div><\/div><\/div><\/div><\/div><\/div><\/section><section class=\"l-section wpb_row us_custom_ad00aee9 height_medium\"><div class=\"l-section-h i-cf\"><div class=\"g-cols vc_row via_grid cols_1 laptops-cols_inherit tablets-cols_inherit mobiles-cols_1 valign_middle type_default stacking_default\"><div class=\"wpb_column vc_column_container\"><div class=\"vc_column-inner\"><div class=\"wpb_text_column us_custom_8041ea55 has_text_color\"><div class=\"wpb_wrapper\"><h4 style=\"text-align: center;\">Jump to:<\/h4>\n<\/div><\/div><div class=\"w-separator size_small\"><\/div><div class=\"w-hwrapper valign_top wrap align_center\"><div class=\"w-btn-wrapper align_center\"><a class=\"w-btn us-btn-style_4\" href=\"#lunch\"><span class=\"w-btn-label\">Lunch<\/span><\/a><\/div><div class=\"w-btn-wrapper align_center\"><a class=\"w-btn us-btn-style_4\" href=\"#diner\"><span class=\"w-btn-label\">Dinner<\/span><\/a><\/div><div class=\"w-btn-wrapper align_center\"><a class=\"w-btn us-btn-style_4\" href=\"#desert\"><span class=\"w-btn-label\">Desert<\/span><\/a><\/div><\/div><\/div><\/div><\/div><\/div><\/section><section class=\"l-section wpb_row us_custom_2393cd75 height_auto color_secondary\"><div class=\"l-section-h i-cf\"><div class=\"g-cols vc_row via_grid cols_2 laptops-cols_inherit tablets-cols_inherit mobiles-cols_1 valign_top type_default stacking_default\"><div class=\"wpb_column vc_column_container\"><div class=\"vc_column-inner\"><div class=\"w-separator size_custom\" style=\"height:12px\"><\/div><div class=\"g-cols wpb_row us_custom_825604e7 has_text_color via_grid cols_1 laptops-cols_inherit tablets-cols_inherit mobiles-cols_1 valign_top type_default stacking_default\" style=\"--columns-gap:3rem;\" id=\"lunch\"><div class=\"wpb_column vc_column_container\"><div class=\"vc_column-inner\"><p class=\"w-post-elm post_custom_field us_custom_05bf5385 has_text_color type_text kop_gerecht_1 color_link_inherit\"><span class=\"w-post-elm-value\">Lunch<\/span><\/p><h6 class=\"w-post-elm post_custom_field us_custom_aeac0afa has_text_color type_text sub_kop_gerecht_1 color_link_inherit\"><span class=\"w-post-elm-value\">Until 16:00<\/span><\/h6><h4 class=\"w-post-elm post_custom_field us_custom_6745946f has_text_color type_repeater gerechten_1 color_link_inherit\"><div class=\"repeater\"><div class=\"repeater-row\"><div class=\"repeater-field titel_gerecht\"><p>The Hague Eggs<\/p>\n<\/div> <div class=\"repeater-field prijs\">7.5<\/div> <div class=\"repeater-field omschrijving_gerecht\"><p>Three fried locally-sourced eggs on organic sandwich bread from Bakker Bro.<br \/>\nExtras: bacon, ham, or cheese + \u20ac2<\/p>\n<\/div> <\/div><div class=\"repeater-row\"><div class=\"repeater-field titel_gerecht\"><p>Grilled Cheese Sandwich<\/p>\n<\/div> <div class=\"repeater-field prijs\">4.5<\/div> <div class=\"repeater-field omschrijving_gerecht\"><p>On organic sandwich bread with cheese.<\/p>\n<\/div> <\/div><div class=\"repeater-row\"><div class=\"repeater-field titel_gerecht\"><p>Ham &amp; Cheese Toastie<\/p>\n<\/div> <div class=\"repeater-field prijs\">5.5<\/div> <div class=\"repeater-field omschrijving_gerecht\"><p>On organic sandwich bread with ham and cheese.<\/p>\n<\/div> <\/div><div class=\"repeater-row\"><div class=\"repeater-field titel_gerecht\"><p>Cuban Sandwich<\/p>\n<\/div> <div class=\"repeater-field prijs\">6.5<\/div> <div class=\"repeater-field omschrijving_gerecht\"><p>Grilled Cuban sandwich with ham, cheese, bacon, pickle, mustard, and BBQ sauce.<\/p>\n<\/div> <\/div><div class=\"repeater-row\"><div class=\"repeater-field titel_gerecht\"><p>Chicken Wrap<\/p>\n<\/div> <div class=\"repeater-field prijs\">7<\/div> <div class=\"repeater-field omschrijving_gerecht\"><p>Wrap with smoked chicken, iceberg lettuce, tomato, cucumber, and chive mayonnaise.<\/p>\n<\/div> <\/div><div class=\"repeater-row\"><div class=\"repeater-field titel_gerecht\"><p>Soup<\/p>\n<\/div> <div class=\"repeater-field prijs\">6<\/div> <div class=\"repeater-field omschrijving_gerecht\"><p>Roasted tomato and bell pepper soup with bread and butter.<\/p>\n<\/div> <\/div><div class=\"repeater-row\"><div class=\"repeater-field titel_gerecht\"><p>Meatball Sandwich<\/p>\n<\/div> <div class=\"repeater-field prijs\">7<\/div> <div class=\"repeater-field omschrijving_gerecht\"><p>Bread roll with homemade meatball, chives, and crispy onions.<br data-start=\"956\" data-end=\"959\" \/><em data-start=\"959\" data-end=\"1013\">Choice of chive mayonnaise or homemade peanut sauce.<\/em><\/p>\n<\/div> <\/div><div class=\"repeater-row\"><div class=\"repeater-field titel_gerecht\"><p>Croquette \/ Vegetarian Croquette<\/p>\n<\/div> <div class=\"repeater-field prijs\">7.5<\/div> <div class=\"repeater-field omschrijving_gerecht\"><p>Bread roll with beef croquette or oyster mushroom croquette from the Haagsche Croquetterij, served with mustard.<\/p>\n<\/div> <\/div><div class=\"repeater-row\"><div class=\"repeater-field titel_gerecht\"><p>Soto Ajam<\/p>\n<\/div> <div class=\"repeater-field prijs\">7<\/div> <div class=\"repeater-field omschrijving_gerecht\"><p data-start=\"1180\" data-end=\"1303\">Indonesian chicken noodle soup with egg, bean sprouts, coriander, spring onion, and rice noodles.<\/p>\n<\/div> <\/div><div class=\"repeater-row\"><div class=\"repeater-field titel_gerecht\"><p>Fries with Rendang<\/p>\n<\/div> <div class=\"repeater-field prijs\">10<\/div> <div class=\"repeater-field omschrijving_gerecht\"><p>Fresh fries topped with Indonesian beef rendang, cucumber atjar, crispy onions, and lime leaf mayonnaise.<\/p>\n<\/div> <\/div><div class=\"repeater-row\"><div class=\"repeater-field titel_gerecht\"><p>Club Sandwich<\/p>\n<\/div> <div class=\"repeater-field prijs\">10<\/div> <div class=\"repeater-field omschrijving_gerecht\"><p>With bacon, smoked chicken, avocado spread, lettuce, tomato, and cucumber.<\/p>\n<\/div> <\/div><div class=\"repeater-row\"><div class=\"repeater-field titel_gerecht\"><p>Nachos<\/p>\n<\/div> <div class=\"repeater-field prijs\">10<\/div> <div class=\"repeater-field omschrijving_gerecht\"><p data-start=\"1555\" data-end=\"1658\">Oven-baked nachos with melted cheddar, guacamole, jalape\u00f1os, and cr\u00e8me fra\u00eeche.<\/p>\n<\/div> <\/div><\/div><\/h4><div class=\"w-separator size_custom\" style=\"height:36px\"><\/div><\/div><\/div><\/div><\/div><\/div><div class=\"wpb_column vc_column_container\"><div class=\"vc_column-inner\"><div class=\"w-separator size_custom\" style=\"height:12px\"><\/div><div class=\"g-cols wpb_row via_grid cols_1 laptops-cols_inherit tablets-cols_inherit mobiles-cols_1 valign_top type_default stacking_default\" style=\"--columns-gap:3rem;\" id=\"dinner\"><div class=\"wpb_column vc_column_container\"><div class=\"vc_column-inner\"><p class=\"w-post-elm post_custom_field us_custom_a5e9354c type_text kop_gerecht_rechts_1 color_link_inherit\"><span class=\"w-post-elm-value\">Dinner<\/span><\/p><h6 class=\"w-post-elm post_custom_field us_custom_aeac0afa has_text_color type_text sub_kop_gerecht_rechts_1 color_link_inherit\"><span class=\"w-post-elm-value\">From 17:00 \u2013 21:30<\/span><\/h6><h4 class=\"w-post-elm post_custom_field us_custom_6745946f has_text_color type_repeater gerechten_rechts_1 color_link_inherit\"><div class=\"repeater\"><div class=\"repeater-row\"><div class=\"repeater-field titel_gerecht\"><p>Soup<\/p>\n<\/div> <div class=\"repeater-field prijs\">6<\/div> <div class=\"repeater-field omschrijving_gerecht\"><p>Roasted tomato and bell pepper soup with bread and butter.<\/p>\n<\/div> <\/div><div class=\"repeater-row\"><div class=\"repeater-field titel_gerecht\"><p>Soto Ajam<\/p>\n<\/div> <div class=\"repeater-field prijs\">7.5<\/div> <div class=\"repeater-field omschrijving_gerecht\"><p>Indonesian chicken noodle soup with egg, bean sprouts, coriander, spring onion, crispy onions, and rice noodles.<\/p>\n<\/div> <\/div><div class=\"repeater-row\"><div class=\"repeater-field titel_gerecht\"><p>Fries with Rendang<\/p>\n<\/div> <div class=\"repeater-field prijs\">10<\/div> <div class=\"repeater-field omschrijving_gerecht\"><p>Fresh fries topped with Indonesian beef rendang, cucumber atjar, crispy onions, and lime leaf mayonnaise.<\/p>\n<\/div> <\/div><div class=\"repeater-row\"><div class=\"repeater-field titel_gerecht\"><p>Chicken Satay \/ Vegetarian Satay<\/p>\n<\/div> <div class=\"repeater-field prijs\">15<\/div> <div class=\"repeater-field omschrijving_gerecht\"><p>Chicken satay with homemade peanut sauce, fries, cassava crackers, and cucumber atjar.<\/p>\n<\/div> <\/div><div class=\"repeater-row\"><div class=\"repeater-field titel_gerecht\"><p>Zwarte Ruiter Schnitzel<\/p>\n<\/div> <div class=\"repeater-field prijs\">15<\/div> <div class=\"repeater-field omschrijving_gerecht\"><p>Schnitzel with fresh herb butter, lemon, parsley, coleslaw, and fries.<\/p>\n<\/div> <\/div><div class=\"repeater-row\"><div class=\"repeater-field titel_gerecht\"><p>Pad Thai<\/p>\n<\/div> <div class=\"repeater-field prijs\">15<\/div> <div class=\"repeater-field omschrijving_gerecht\"><p>Thai rice noodles with chicken or tofu, egg, fresh vegetables and herbs, bean sprouts, peanuts, and lime.<\/p>\n<\/div> <\/div><div class=\"repeater-row\"><div class=\"repeater-field titel_gerecht\"><p>Nachos<\/p>\n<\/div> <div class=\"repeater-field prijs\">10<\/div> <div class=\"repeater-field omschrijving_gerecht\"><p>Oven-baked nachos with melted cheddar, guacamole, jalape\u00f1os, salsa, and cr\u00e8me fra\u00eeche.<\/p>\n<\/div> <\/div><div class=\"repeater-row\"><div class=\"repeater-field titel_gerecht\"><p>Fries<\/p>\n<\/div> <div class=\"repeater-field prijs\">5<\/div> <div class=\"repeater-field omschrijving_gerecht\"><p>Fresh fries with mayonnaise.<\/p>\n<\/div> <\/div><div class=\"repeater-row\"><div class=\"repeater-field titel_gerecht\"><p>Sweet Potato Fries<\/p>\n<\/div> <div class=\"repeater-field prijs\">8<\/div> <div class=\"repeater-field omschrijving_gerecht\"><p>Sweet potato fries with curry\u2013mango mayonnaise.<\/p>\n<\/div> <\/div><\/div><\/h4><div class=\"w-separator size_custom\" style=\"height:36px\"><\/div><\/div><\/div><\/div><div class=\"g-cols wpb_row via_grid cols_1 laptops-cols_inherit tablets-cols_inherit mobiles-cols_1 valign_top type_default stacking_default\" style=\"--columns-gap:3rem;\" id=\"desert\"><div class=\"wpb_column vc_column_container\"><div class=\"vc_column-inner\"><p class=\"w-post-elm post_custom_field us_custom_05bf5385 has_text_color type_text kop_gerecht_rechts_2 color_link_inherit\"><span class=\"w-post-elm-value\">Desserts<\/span><\/p><h4 class=\"w-post-elm post_custom_field us_custom_6745946f has_text_color type_repeater gerechten_rechts_2 color_link_inherit\"><div class=\"repeater\"><div class=\"repeater-row\"><div class=\"repeater-field titel_gerecht\"><p>Ice Cream<\/p>\n<\/div> <div class=\"repeater-field prijs\">5<\/div> <div class=\"repeater-field omschrijving_gerecht\"><p>Homemade vanilla and chocolate ice cream with fresh whipped cream, caramel sauce, and a cherry.<\/p>\n<\/div> <\/div><div class=\"repeater-row\"><div class=\"repeater-field titel_gerecht\"><p>New York Cheesecake<\/p>\n<\/div> <div class=\"repeater-field prijs\">5<\/div> <div class=\"repeater-field omschrijving_gerecht\"><p>Classic New York cheesecake with Bastogne biscuit crumble.<\/p>\n<\/div> <\/div><\/div><\/h4><div class=\"w-separator size_custom\" style=\"height:36px\"><\/div><\/div><\/div><\/div><\/div><\/div><\/div><\/div><\/section>\n","protected":false},"excerpt":{"rendered":"Jump to: LunchDinnerDesertLunchUntil 16:00The Hague Eggs 7.5 Three fried locally-sourced eggs on organic sandwich bread from Bakker Bro. Extras: bacon, ham, or cheese + \u20ac2 Grilled Cheese Sandwich 4.5 On...","protected":false},"author":1,"featured_media":0,"parent":0,"menu_order":0,"comment_status":"closed","ping_status":"closed","template":"","meta":{"_acf_changed":false,"footnotes":""},"class_list":["post-1439","page","type-page","status-publish","hentry"],"acf":[],"yoast_head":"<!-- This site is optimized with the Yoast SEO plugin v27.3 - https:\/\/yoast.com\/product\/yoast-seo-wordpress\/ -->\n<title>Menukaart | De Zwarte Ruiter<\/title>\n<meta name=\"robots\" content=\"index, follow, max-snippet:-1, max-image-preview:large, max-video-preview:-1\" \/>\n<link rel=\"canonical\" href=\"https:\/\/zwarteruiter.nl\/en\/menukaart\/\" \/>\n<meta property=\"og:locale\" content=\"en_US\" \/>\n<meta property=\"og:type\" content=\"article\" \/>\n<meta property=\"og:title\" content=\"Menukaart | De Zwarte Ruiter\" \/>\n<meta property=\"og:url\" content=\"https:\/\/zwarteruiter.nl\/en\/menukaart\/\" \/>\n<meta property=\"og:site_name\" content=\"De Zwarte Ruiter\" \/>\n<meta property=\"article:publisher\" content=\"https:\/\/www.facebook.com\/zwarte.ruiter.3\/?locale=nl_NL\" \/>\n<meta property=\"article:modified_time\" content=\"2025-09-01T12:29:15+00:00\" \/>\n<meta property=\"og:image\" content=\"https:\/\/zwarteruiter.nl\/wp-content\/uploads\/2025\/06\/Sniester-dvZhmO.jpg\" \/>\n\t<meta property=\"og:image:width\" content=\"1080\" \/>\n\t<meta property=\"og:image:height\" content=\"1080\" \/>\n\t<meta property=\"og:image:type\" content=\"image\/jpeg\" \/>\n<meta name=\"twitter:card\" content=\"summary_large_image\" \/>\n<meta name=\"twitter:label1\" content=\"Est. reading time\" \/>\n\t<meta name=\"twitter:data1\" content=\"2 minutes\" \/>\n<script type=\"application\/ld+json\" class=\"yoast-schema-graph\">{\"@context\":\"https:\\\/\\\/schema.org\",\"@graph\":[{\"@type\":\"WebPage\",\"@id\":\"https:\\\/\\\/zwarteruiter.nl\\\/en\\\/menukaart\\\/\",\"url\":\"https:\\\/\\\/zwarteruiter.nl\\\/en\\\/menukaart\\\/\",\"name\":\"Menukaart | De Zwarte Ruiter\",\"isPartOf\":{\"@id\":\"https:\\\/\\\/zwarteruiter.nl\\\/en\\\/#website\"},\"datePublished\":\"2025-08-25T07:44:12+00:00\",\"dateModified\":\"2025-09-01T12:29:15+00:00\",\"breadcrumb\":{\"@id\":\"https:\\\/\\\/zwarteruiter.nl\\\/en\\\/menukaart\\\/#breadcrumb\"},\"inLanguage\":\"en-US\",\"potentialAction\":[{\"@type\":\"ReadAction\",\"target\":[\"https:\\\/\\\/zwarteruiter.nl\\\/en\\\/menukaart\\\/\"]}]},{\"@type\":\"BreadcrumbList\",\"@id\":\"https:\\\/\\\/zwarteruiter.nl\\\/en\\\/menukaart\\\/#breadcrumb\",\"itemListElement\":[{\"@type\":\"ListItem\",\"position\":1,\"name\":\"Home\",\"item\":\"https:\\\/\\\/zwarteruiter.nl\\\/en\\\/\"},{\"@type\":\"ListItem\",\"position\":2,\"name\":\"Menukaart\"}]},{\"@type\":\"WebSite\",\"@id\":\"https:\\\/\\\/zwarteruiter.nl\\\/en\\\/#website\",\"url\":\"https:\\\/\\\/zwarteruiter.nl\\\/en\\\/\",\"name\":\"De Zwarte Ruiter\",\"description\":\"Haags poppodium sinds 1988\",\"publisher\":{\"@id\":\"https:\\\/\\\/zwarteruiter.nl\\\/en\\\/#organization\"},\"potentialAction\":[{\"@type\":\"SearchAction\",\"target\":{\"@type\":\"EntryPoint\",\"urlTemplate\":\"https:\\\/\\\/zwarteruiter.nl\\\/en\\\/?s={search_term_string}\"},\"query-input\":{\"@type\":\"PropertyValueSpecification\",\"valueRequired\":true,\"valueName\":\"search_term_string\"}}],\"inLanguage\":\"en-US\"},{\"@type\":\"Organization\",\"@id\":\"https:\\\/\\\/zwarteruiter.nl\\\/en\\\/#organization\",\"name\":\"De Zwarte Ruiter\",\"url\":\"https:\\\/\\\/zwarteruiter.nl\\\/en\\\/\",\"logo\":{\"@type\":\"ImageObject\",\"inLanguage\":\"en-US\",\"@id\":\"https:\\\/\\\/zwarteruiter.nl\\\/en\\\/#\\\/schema\\\/logo\\\/image\\\/\",\"url\":\"https:\\\/\\\/zwarteruiter.nl\\\/wp-content\\\/uploads\\\/2025\\\/06\\\/ruitert-logo-menu.svg\",\"contentUrl\":\"https:\\\/\\\/zwarteruiter.nl\\\/wp-content\\\/uploads\\\/2025\\\/06\\\/ruitert-logo-menu.svg\",\"width\":\"1024\",\"height\":\"1024\",\"caption\":\"De Zwarte Ruiter\"},\"image\":{\"@id\":\"https:\\\/\\\/zwarteruiter.nl\\\/en\\\/#\\\/schema\\\/logo\\\/image\\\/\"},\"sameAs\":[\"https:\\\/\\\/www.facebook.com\\\/zwarte.ruiter.3\\\/?locale=nl_NL\",\"https:\\\/\\\/www.instagram.com\\\/zwarteruiterdenhaag\\\/\"]}]}<\/script>\n<!-- \/ Yoast SEO plugin. -->","yoast_head_json":{"title":"Menukaart | De Zwarte Ruiter","robots":{"index":"index","follow":"follow","max-snippet":"max-snippet:-1","max-image-preview":"max-image-preview:large","max-video-preview":"max-video-preview:-1"},"canonical":"https:\/\/zwarteruiter.nl\/en\/menukaart\/","og_locale":"en_US","og_type":"article","og_title":"Menukaart | De Zwarte Ruiter","og_url":"https:\/\/zwarteruiter.nl\/en\/menukaart\/","og_site_name":"De Zwarte Ruiter","article_publisher":"https:\/\/www.facebook.com\/zwarte.ruiter.3\/?locale=nl_NL","article_modified_time":"2025-09-01T12:29:15+00:00","og_image":[{"width":1080,"height":1080,"url":"https:\/\/zwarteruiter.nl\/wp-content\/uploads\/2025\/06\/Sniester-dvZhmO.jpg","type":"image\/jpeg"}],"twitter_card":"summary_large_image","twitter_misc":{"Est. reading time":"2 minutes"},"schema":{"@context":"https:\/\/schema.org","@graph":[{"@type":"WebPage","@id":"https:\/\/zwarteruiter.nl\/en\/menukaart\/","url":"https:\/\/zwarteruiter.nl\/en\/menukaart\/","name":"Menukaart | De Zwarte Ruiter","isPartOf":{"@id":"https:\/\/zwarteruiter.nl\/en\/#website"},"datePublished":"2025-08-25T07:44:12+00:00","dateModified":"2025-09-01T12:29:15+00:00","breadcrumb":{"@id":"https:\/\/zwarteruiter.nl\/en\/menukaart\/#breadcrumb"},"inLanguage":"en-US","potentialAction":[{"@type":"ReadAction","target":["https:\/\/zwarteruiter.nl\/en\/menukaart\/"]}]},{"@type":"BreadcrumbList","@id":"https:\/\/zwarteruiter.nl\/en\/menukaart\/#breadcrumb","itemListElement":[{"@type":"ListItem","position":1,"name":"Home","item":"https:\/\/zwarteruiter.nl\/en\/"},{"@type":"ListItem","position":2,"name":"Menukaart"}]},{"@type":"WebSite","@id":"https:\/\/zwarteruiter.nl\/en\/#website","url":"https:\/\/zwarteruiter.nl\/en\/","name":"De Zwarte Ruiter","description":"Haags poppodium sinds 1988","publisher":{"@id":"https:\/\/zwarteruiter.nl\/en\/#organization"},"potentialAction":[{"@type":"SearchAction","target":{"@type":"EntryPoint","urlTemplate":"https:\/\/zwarteruiter.nl\/en\/?s={search_term_string}"},"query-input":{"@type":"PropertyValueSpecification","valueRequired":true,"valueName":"search_term_string"}}],"inLanguage":"en-US"},{"@type":"Organization","@id":"https:\/\/zwarteruiter.nl\/en\/#organization","name":"De Zwarte Ruiter","url":"https:\/\/zwarteruiter.nl\/en\/","logo":{"@type":"ImageObject","inLanguage":"en-US","@id":"https:\/\/zwarteruiter.nl\/en\/#\/schema\/logo\/image\/","url":"https:\/\/zwarteruiter.nl\/wp-content\/uploads\/2025\/06\/ruitert-logo-menu.svg","contentUrl":"https:\/\/zwarteruiter.nl\/wp-content\/uploads\/2025\/06\/ruitert-logo-menu.svg","width":"1024","height":"1024","caption":"De Zwarte Ruiter"},"image":{"@id":"https:\/\/zwarteruiter.nl\/en\/#\/schema\/logo\/image\/"},"sameAs":["https:\/\/www.facebook.com\/zwarte.ruiter.3\/?locale=nl_NL","https:\/\/www.instagram.com\/zwarteruiterdenhaag\/"]}]}},"_links":{"self":[{"href":"https:\/\/zwarteruiter.nl\/en\/wp-json\/wp\/v2\/pages\/1439","targetHints":{"allow":["GET"]}}],"collection":[{"href":"https:\/\/zwarteruiter.nl\/en\/wp-json\/wp\/v2\/pages"}],"about":[{"href":"https:\/\/zwarteruiter.nl\/en\/wp-json\/wp\/v2\/types\/page"}],"author":[{"embeddable":true,"href":"https:\/\/zwarteruiter.nl\/en\/wp-json\/wp\/v2\/users\/1"}],"replies":[{"embeddable":true,"href":"https:\/\/zwarteruiter.nl\/en\/wp-json\/wp\/v2\/comments?post=1439"}],"version-history":[{"count":9,"href":"https:\/\/zwarteruiter.nl\/en\/wp-json\/wp\/v2\/pages\/1439\/revisions"}],"predecessor-version":[{"id":1492,"href":"https:\/\/zwarteruiter.nl\/en\/wp-json\/wp\/v2\/pages\/1439\/revisions\/1492"}],"wp:attachment":[{"href":"https:\/\/zwarteruiter.nl\/en\/wp-json\/wp\/v2\/media?parent=1439"}],"curies":[{"name":"wp","href":"https:\/\/api.w.org\/{rel}","templated":true}]}}